{"id":7,"date":"2020-11-06T19:00:23","date_gmt":"2020-11-06T18:00:23","guid":{"rendered":"https:\/\/www.monikatomulcova.com\/kosik\/"},"modified":"2021-06-29T19:45:14","modified_gmt":"2021-06-29T17:45:14","slug":"kosik","status":"publish","type":"page","link":"https:\/\/www.monikatomulcova.com\/en\/kosik\/","title":{"rendered":"Ko\u0161\u00edk"},"content":{"rendered":"[et_pb_section fb_built=&#8220;1&#8243; admin_label=&#8220;section&#8220; _builder_version=&#8220;4.9.2&#8243; custom_margin=&#8220;20px||||false|false&#8220; custom_padding=&#8220;20px||||false|false&#8220;][et_pb_row admin_label=&#8220;row&#8220; _builder_version=&#8220;4.9.2&#8243; background_size=&#8220;initial&#8220; background_position=&#8220;top_left&#8220; background_repeat=&#8220;repeat&#8220; min_height=&#8220;746px&#8220; custom_margin=&#8220;0px||||false|false&#8220; custom_padding=&#8220;0px||||false|false&#8220;][et_pb_column type=&#8220;4_4&#8243; _builder_version=&#8220;3.25&#8243; custom_padding=&#8220;|||&#8220; custom_padding__hover=&#8220;|||&#8220;][et_pb_sidebar area=&#8220;sidebar-3&#8243; _builder_version=&#8220;4.9.2&#8243; _module_preset=&#8220;default&#8220; custom_margin=&#8220;0px||0px||false|false&#8220; custom_padding=&#8220;0px||0px||false|false&#8220;][\/et_pb_sidebar][et_pb_text admin_label=&#8220;Text&#8220; _builder_version=&#8220;4.9.7&#8243; background_size=&#8220;initial&#8220; background_position=&#8220;top_left&#8220; background_repeat=&#8220;repeat&#8220; custom_margin=&#8220;0px||||false|false&#8220; custom_padding=&#8220;0px||||false|false&#8220; hover_enabled=&#8220;0&#8243; custom_css_before=&#8220;padding:0px;||height: 0px&#8220; custom_css_main_element=&#8220;<a href=%22#%22 class=%22packeta-selector-open%22>Vybrat v\u00fddejn\u00ed m\u00edsto<\/a>|| <div class=%22packeta-selector-branch-name%22><\/div>||<input type=%22text%22 class=%22packeta-selector-branch-id%22><\/div>&#8220; sticky_enabled=&#8220;0&#8243;]<p>\n<p>\n<\/p>[\/et_pb_text][et_pb_code _builder_version=&#8220;4.9.7&#8243; _module_preset=&#8220;default&#8220; hover_enabled=&#8220;0&#8243; sticky_enabled=&#8220;0&#8243;]<script src=\"https:\/\/widget.packeta.com\/www\/js\/packetaWidget.js\u201d data-api-key=\u201d02505c50a32995ae\">[\/et_pb_code][\/et_pb_column][\/et_pb_row][\/et_pb_section]","protected":false},"excerpt":{"rendered":"","protected":false},"author":1,"featured_media":0,"parent":0,"menu_order":0,"comment_status":"closed","ping_status":"closed","template":"","meta":{"_et_pb_use_builder":"on","_et_pb_old_content":"<!-- wp:shortcode -->\r\n<p>[woocommerce_cart]<\/p>\r\n<!-- \/wp:shortcode -->","_et_gb_content_width":"","footnotes":""},"class_list":["post-7","page","type-page","status-publish","hentry"],"jetpack_sharing_enabled":true,"_links":{"self":[{"href":"https:\/\/www.monikatomulcova.com\/en\/wp-json\/wp\/v2\/pages\/7","targetHints":{"allow":["GET"]}}],"collection":[{"href":"https:\/\/www.monikatomulcova.com\/en\/wp-json\/wp\/v2\/pages"}],"about":[{"href":"https:\/\/www.monikatomulcova.com\/en\/wp-json\/wp\/v2\/types\/page"}],"author":[{"embeddable":true,"href":"https:\/\/www.monikatomulcova.com\/en\/wp-json\/wp\/v2\/users\/1"}],"replies":[{"embeddable":true,"href":"https:\/\/www.monikatomulcova.com\/en\/wp-json\/wp\/v2\/comments?post=7"}],"version-history":[{"count":0,"href":"https:\/\/www.monikatomulcova.com\/en\/wp-json\/wp\/v2\/pages\/7\/revisions"}],"wp:attachment":[{"href":"https:\/\/www.monikatomulcova.com\/en\/wp-json\/wp\/v2\/media?parent=7"}],"curies":[{"name":"wp","href":"https:\/\/api.w.org\/{rel}","templated":true}]}}