{"id":11753,"date":"2024-04-27T12:26:22","date_gmt":"2024-04-27T10:26:22","guid":{"rendered":"https:\/\/www.monikatomulcova.com\/?post_type=product&#038;p=11753"},"modified":"2025-11-23T08:42:58","modified_gmt":"2025-11-23T07:42:58","slug":"lamellae-14","status":"publish","type":"product","link":"https:\/\/www.monikatomulcova.com\/en\/product\/lamellae-14\/","title":{"rendered":"Lamellae 14"},"content":{"rendered":"","protected":false},"excerpt":{"rendered":"<blockquote><p>Strieborn\u00fd prste\u0148 in\u0161pirovan\u00fd lupe\u0148mi h\u00fab.<\/p><\/blockquote>","protected":false},"featured_media":16316,"comment_status":"open","ping_status":"closed","template":"","meta":{"_et_pb_use_builder":"","_et_pb_old_content":"","_et_gb_content_width":""},"product_brand":[],"product_cat":[15],"product_tag":[123,54,126],"class_list":{"0":"post-11753","1":"product","2":"type-product","3":"status-publish","4":"has-post-thumbnail","6":"product_cat-prstene","7":"product_tag-pevne","8":"product_tag-pozlatene","9":"product_tag-strieborne","10":"product_shipping_class-sperky","11":"pa_hmotnost-3g","12":"pa_kolekcia-lamellae","13":"pa_material-striebro","14":"pa_velkost-96","15":"pa_velkost-97","16":"pa_velkost-98","17":"pa_velkost-99","18":"pa_velkost-71","19":"pa_velkost-100","20":"pa_velkost-101","21":"pa_velkost-102","22":"pa_velkost-103","23":"pa_velkost-104","24":"pa_velkost-105","25":"pa_velkost-106","27":"first","28":"instock","29":"shipping-taxable","30":"purchasable","31":"product-type-variable"},"jetpack_sharing_enabled":true,"_links":{"self":[{"href":"https:\/\/www.monikatomulcova.com\/en\/wp-json\/wp\/v2\/product\/11753","targetHints":{"allow":["GET"]}}],"collection":[{"href":"https:\/\/www.monikatomulcova.com\/en\/wp-json\/wp\/v2\/product"}],"about":[{"href":"https:\/\/www.monikatomulcova.com\/en\/wp-json\/wp\/v2\/types\/product"}],"replies":[{"embeddable":true,"href":"https:\/\/www.monikatomulcova.com\/en\/wp-json\/wp\/v2\/comments?post=11753"}],"wp:featuredmedia":[{"embeddable":true,"href":"https:\/\/www.monikatomulcova.com\/en\/wp-json\/wp\/v2\/media\/16316"}],"wp:attachment":[{"href":"https:\/\/www.monikatomulcova.com\/en\/wp-json\/wp\/v2\/media?parent=11753"}],"wp:term":[{"taxonomy":"product_brand","embeddable":true,"href":"https:\/\/www.monikatomulcova.com\/en\/wp-json\/wp\/v2\/product_brand?post=11753"},{"taxonomy":"product_cat","embeddable":true,"href":"https:\/\/www.monikatomulcova.com\/en\/wp-json\/wp\/v2\/product_cat?post=11753"},{"taxonomy":"product_tag","embeddable":true,"href":"https:\/\/www.monikatomulcova.com\/en\/wp-json\/wp\/v2\/product_tag?post=11753"}],"curies":[{"name":"wp","href":"https:\/\/api.w.org\/{rel}","templated":true}]}}