{"id":14074,"date":"2024-11-02T19:32:23","date_gmt":"2024-11-02T18:32:23","guid":{"rendered":"https:\/\/www.monikatomulcova.com\/?post_type=product&#038;p=14074"},"modified":"2025-11-23T08:42:54","modified_gmt":"2025-11-23T07:42:54","slug":"lamellae-free-67","status":"publish","type":"product","link":"https:\/\/www.monikatomulcova.com\/en\/product\/lamellae-free-67\/","title":{"rendered":"Lamellae free 67"},"content":{"rendered":"<p>Otvoren\u00fd prste\u0148 in\u0161pirovan\u00e9 lupe\u0148mi hub. Vytvoren\u00e9 parametrick\u00fdm programovan\u00edm za pomoci 3D tla\u010de a odlievania.\u00a0 Prste\u0148 je vyroben\u00fd zo striebra 925.<br \/>\nPrste\u0148 v\u00e1\u017ei This shortcode is intended for use on product pages only.<\/p>","protected":false},"excerpt":{"rendered":"<p>Otvoren\u00fd prste\u0148 Lamellae<\/p>","protected":false},"featured_media":16301,"comment_status":"open","ping_status":"closed","template":"","meta":{"_et_pb_use_builder":"","_et_pb_old_content":"","_et_gb_content_width":""},"product_brand":[],"product_cat":[15],"product_tag":[],"class_list":{"0":"post-14074","1":"product","2":"type-product","3":"status-publish","4":"has-post-thumbnail","6":"product_cat-prstene","7":"pa_hmotnost-2g","8":"pa_kolekcia-lamellae","9":"pa_material-striebro","10":"pa_velkost-44-48","11":"pa_velkost-49-53","12":"pa_velkost-54-58","13":"pa_velkost-59-63","14":"pa_velkost-64-68","16":"first","17":"instock","18":"shipping-taxable","19":"purchasable","20":"product-type-variable"},"jetpack_sharing_enabled":true,"_links":{"self":[{"href":"https:\/\/www.monikatomulcova.com\/en\/wp-json\/wp\/v2\/product\/14074","targetHints":{"allow":["GET"]}}],"collection":[{"href":"https:\/\/www.monikatomulcova.com\/en\/wp-json\/wp\/v2\/product"}],"about":[{"href":"https:\/\/www.monikatomulcova.com\/en\/wp-json\/wp\/v2\/types\/product"}],"replies":[{"embeddable":true,"href":"https:\/\/www.monikatomulcova.com\/en\/wp-json\/wp\/v2\/comments?post=14074"}],"wp:featuredmedia":[{"embeddable":true,"href":"https:\/\/www.monikatomulcova.com\/en\/wp-json\/wp\/v2\/media\/16301"}],"wp:attachment":[{"href":"https:\/\/www.monikatomulcova.com\/en\/wp-json\/wp\/v2\/media?parent=14074"}],"wp:term":[{"taxonomy":"product_brand","embeddable":true,"href":"https:\/\/www.monikatomulcova.com\/en\/wp-json\/wp\/v2\/product_brand?post=14074"},{"taxonomy":"product_cat","embeddable":true,"href":"https:\/\/www.monikatomulcova.com\/en\/wp-json\/wp\/v2\/product_cat?post=14074"},{"taxonomy":"product_tag","embeddable":true,"href":"https:\/\/www.monikatomulcova.com\/en\/wp-json\/wp\/v2\/product_tag?post=14074"}],"curies":[{"name":"wp","href":"https:\/\/api.w.org\/{rel}","templated":true}]}}